{"id":184,"date":"2023-02-21T17:12:52","date_gmt":"2023-02-21T17:12:52","guid":{"rendered":"https:\/\/www.aujardinclos.com\/?page_id=184"},"modified":"2024-12-20T10:56:19","modified_gmt":"2024-12-20T10:56:19","slug":"soirees-cheese-wine","status":"publish","type":"page","link":"https:\/\/www.aujardinclos.com\/en\/soirees-cheese-wine","title":{"rendered":"Cheese &amp; Wine Evening"},"content":{"rendered":"<p><div class=\"fusion-fullwidth fullwidth-box fusion-builder-row-1 fusion-flex-container nonhundred-percent-fullwidth non-hundred-percent-height-scrolling\" style=\"background-color: rgba(255,255,255,0);background-position: center center;background-repeat: no-repeat;border-width: 0px 0px 0px 0px;border-color:#e2e2e2;border-style:solid;\" ><div class=\"fusion-builder-row fusion-row fusion-flex-align-items-flex-start\" style=\"max-width:1248px;margin-left: calc(-4% \/ 2 );margin-right: calc(-4% \/ 2 );\"><div class=\"fusion-layout-column fusion_builder_column fusion-builder-column-0 fusion_builder_column_5_6 5_6 fusion-flex-column\"><div class=\"fusion-column-wrapper fusion-flex-justify-content-flex-start fusion-content-layout-column\" style=\"background-position:left top;background-repeat:no-repeat;-webkit-background-size:cover;-moz-background-size:cover;-o-background-size:cover;background-size:cover;padding: 0px 0px 0px 0px;\"><style type=\"text\/css\">@media only screen and (max-width:1024px) {.fusion-title.fusion-title-1{margin-top:10px!important; margin-right:!important;margin-bottom:15px!important;margin-left:!important;}}@media only screen and (max-width:640px) {.fusion-title.fusion-title-1{margin-top:10px!important; margin-right:!important;margin-bottom:10px!important; margin-left:!important;}}<\/style><div class=\"fusion-title title fusion-title-1 fusion-sep-none fusion-title-center fusion-title-text fusion-title-size-one\" style=\"margin-top:10px;margin-bottom:15px;\"><h1 class=\"title-heading-center\" style=\"margin:0;\">Cheese &amp; Wine Evenings Au Jardin Clos<\/h1><\/div><\/div><style type=\"text\/css\">.fusion-body .fusion-builder-column-0{width:83.333333333333% !important;margin-top : 0px;margin-bottom : 20px;}.fusion-builder-column-0 > .fusion-column-wrapper {padding-top : 0px !important;padding-right : 0px !important;margin-right : 2.304%;padding-bottom : 0px !important;padding-left : 0px !important;margin-left : 2.304%;}@media only screen and (max-width:1024px) {.fusion-body .fusion-builder-column-0{width:83.333333333333% !important;order : 0;}.fusion-builder-column-0 > .fusion-column-wrapper {margin-right : 2.304%;margin-left : 2.304%;}}@media only screen and (max-width:640px) {.fusion-body .fusion-builder-column-0{width:100% !important;order : 0;}.fusion-builder-column-0 > .fusion-column-wrapper {margin-right : 1.92%;margin-left : 1.92%;}}<\/style><\/div><div class=\"fusion-layout-column fusion_builder_column fusion-builder-column-1 fusion_builder_column_1_6 1_6 fusion-flex-column\"><div class=\"fusion-column-wrapper fusion-flex-justify-content-flex-start fusion-content-layout-column\" style=\"background-position:left top;background-repeat:no-repeat;-webkit-background-size:cover;-moz-background-size:cover;-o-background-size:cover;background-size:cover;padding: 0px 0px 0px 0px;\"><div style=\"text-align:center;\"><style type=\"text\/css\">.fusion-button.button-1 {border-radius:4px;}<\/style><a class=\"fusion-button button-flat fusion-button-default-size button-default button-1 fusion-button-default-span fusion-button-default-type\" target=\"_self\" href=\"https:\/\/www.aujardinclos.com\/en\/reservation-soirees-cheese-wine\/\"><i class=\"fa-calendar-alt fas button-icon-left\" aria-hidden=\"true\"><\/i><span class=\"fusion-button-text\">Book your place<\/span><\/a><\/div><\/div><style type=\"text\/css\">.fusion-body .fusion-builder-column-1{width:16.666666666667% !important;margin-top : 0px;margin-bottom : 20px;}.fusion-builder-column-1 > .fusion-column-wrapper {padding-top : 0px !important;padding-right : 0px !important;margin-right : 11.52%;padding-bottom : 0px !important;padding-left : 0px !important;margin-left : 11.52%;}@media only screen and (max-width:1024px) {.fusion-body .fusion-builder-column-1{width:16.666666666667% !important;order : 0;}.fusion-builder-column-1 > .fusion-column-wrapper {margin-right : 11.52%;margin-left : 11.52%;}}@media only screen and (max-width:640px) {.fusion-body .fusion-builder-column-1{width:100% !important;order : 0;}.fusion-builder-column-1 > .fusion-column-wrapper {margin-right : 1.92%;margin-left : 1.92%;}}<\/style><\/div><\/div><style type=\"text\/css\">.fusion-body .fusion-flex-container.fusion-builder-row-1{ padding-top : 0px;margin-top : 0px;padding-right : 0px;padding-bottom : 0px;margin-bottom : 0px;padding-left : 0px;}<\/style><\/div><div class=\"fusion-fullwidth fullwidth-box fusion-builder-row-2 fusion-flex-container nonhundred-percent-fullwidth non-hundred-percent-height-scrolling\" style=\"background-color: rgba(255,255,255,0);background-position: center center;background-repeat: no-repeat;border-width: 0px 0px 0px 0px;border-color:#e2e2e2;border-style:solid;\" ><div class=\"fusion-builder-row fusion-row fusion-flex-align-items-flex-start\" style=\"max-width:1248px;margin-left: calc(-4% \/ 2 );margin-right: calc(-4% \/ 2 );\"><div class=\"fusion-layout-column fusion_builder_column fusion-builder-column-2 fusion_builder_column_1_3 1_3 fusion-flex-column\"><div class=\"fusion-column-wrapper fusion-flex-justify-content-flex-start fusion-content-layout-column\" style=\"background-position:left top;background-repeat:no-repeat;-webkit-background-size:cover;-moz-background-size:cover;-o-background-size:cover;background-size:cover;padding: 0px 0px 0px 0px;\"><div style=\"text-align:center;\"><span class=\"fusion-imageframe imageframe-none imageframe-1 hover-type-none\"><img decoding=\"async\" width=\"225\" height=\"300\" title=\"IMG_0315\" src=\"https:\/\/www.aujardinclos.com\/wp-content\/uploads\/2023\/03\/IMG_0315-225x300.jpg\" class=\"img-responsive wp-image-374\" srcset=\"https:\/\/www.aujardinclos.com\/wp-content\/uploads\/2023\/03\/IMG_0315-200x267.jpg 200w, https:\/\/www.aujardinclos.com\/wp-content\/uploads\/2023\/03\/IMG_0315-400x533.jpg 400w, https:\/\/www.aujardinclos.com\/wp-content\/uploads\/2023\/03\/IMG_0315-600x800.jpg 600w, https:\/\/www.aujardinclos.com\/wp-content\/uploads\/2023\/03\/IMG_0315-800x1067.jpg 800w, https:\/\/www.aujardinclos.com\/wp-content\/uploads\/2023\/03\/IMG_0315-1200x1600.jpg 1200w, https:\/\/www.aujardinclos.com\/wp-content\/uploads\/2023\/03\/IMG_0315-scaled.jpg 1920w\" sizes=\"(max-width: 640px) 100vw, 400px\" \/><\/span><\/div><\/div><style type=\"text\/css\">.fusion-body .fusion-builder-column-2{width:33.333333333333% !important;margin-top : 0px;margin-bottom : 20px;}.fusion-builder-column-2 > .fusion-column-wrapper {padding-top : 0px !important;padding-right : 0px !important;margin-right : 5.76%;padding-bottom : 0px !important;padding-left : 0px !important;margin-left : 5.76%;}@media only screen and (max-width:1024px) {.fusion-body .fusion-builder-column-2{width:33.333333333333% !important;order : 0;}.fusion-builder-column-2 > .fusion-column-wrapper {margin-right : 5.76%;margin-left : 5.76%;}}@media only screen and (max-width:640px) {.fusion-body .fusion-builder-column-2{width:100% !important;order : 0;}.fusion-builder-column-2 > .fusion-column-wrapper {margin-right : 1.92%;margin-left : 1.92%;}}<\/style><\/div><div class=\"fusion-layout-column fusion_builder_column fusion-builder-column-3 fusion_builder_column_2_3 2_3 fusion-flex-column\"><div class=\"fusion-column-wrapper fusion-flex-justify-content-flex-start fusion-content-layout-column\" style=\"background-position:left top;background-repeat:no-repeat;-webkit-background-size:cover;-moz-background-size:cover;-o-background-size:cover;background-size:cover;padding: 0px 0px 0px 0px;\"><div class=\"fusion-text fusion-text-1\"><p>There are more than 10,000 wine varietals throughout the world and around 200  of those are vinified in France. The aim of the cheese &amp; wine evenings is to discover some of the most common among them:<\/p>\n<p>\u2665 Red Varietals: Merlot, Mourv\u00e8dre, Pinot Noir, Gamay, Malbec, Zinfandel, Shiraz, Grenache noir, Cabernet Sauvignon, Madiran, Cabernet Franc.<\/p>\n<p>\u2665 White Varietals: Sauvignon, Chardonnay, Marsanne, Roussanne, Riesling, S\u00e9millon, Muscadelle, Ugni Blanc, Aligot\u00e9, Gewurztraminer, Pinot Gris, Fy\u00e9 Gris, Chenin Blanc, Melon Blanc et Viognier.<\/p>\n<\/div><\/div><style type=\"text\/css\">.fusion-body .fusion-builder-column-3{width:66.666666666667% !important;margin-top : 0px;margin-bottom : 20px;}.fusion-builder-column-3 > .fusion-column-wrapper {padding-top : 0px !important;padding-right : 0px !important;margin-right : 2.88%;padding-bottom : 0px !important;padding-left : 0px !important;margin-left : 2.88%;}@media only screen and (max-width:1024px) {.fusion-body .fusion-builder-column-3{width:66.666666666667% !important;order : 0;}.fusion-builder-column-3 > .fusion-column-wrapper {margin-right : 2.88%;margin-left : 2.88%;}}@media only screen and (max-width:640px) {.fusion-body .fusion-builder-column-3{width:100% !important;order : 0;}.fusion-builder-column-3 > .fusion-column-wrapper {margin-right : 1.92%;margin-left : 1.92%;}}<\/style><\/div><div class=\"fusion-layout-column fusion_builder_column fusion-builder-column-4 fusion_builder_column_1_1 1_1 fusion-flex-column\"><div class=\"fusion-column-wrapper fusion-flex-justify-content-flex-start fusion-content-layout-column\" style=\"background-position:left top;background-repeat:no-repeat;-webkit-background-size:cover;-moz-background-size:cover;-o-background-size:cover;background-size:cover;padding: 0px 0px 0px 0px;\"><div class=\"fusion-text fusion-text-2\"><p>Dans une ambiance d\u00e9contract\u00e9e et conviviale, vous participerez \u00e0 une soir\u00e9e \u00ab d\u00e9couverte des vins \u00bb. La d\u00e9gustation des vins Au Jardin Clos se d\u00e9roule autour de quatre ou cinq vins, dont un vin masqu\u00e9. Le but sera d&rsquo;en pouvoir identifier les ar\u00f4mes, les saveurs, diff\u00e9rencier les c\u00e9pages et la sp\u00e9cificit\u00e9 de leurs r\u00e9gions.<\/p>\n<p>Learn how to recognize the aromas, the flavours, and the specificities of each grape variety and the regions\u2019 climates in which they grow.<\/p>\n<p>Book your place on the Blind Wine Tasting, the evening will go ahead on condition that there are 12 participants.<\/p>\n<\/div><\/div><style type=\"text\/css\">.fusion-body .fusion-builder-column-4{width:100% !important;margin-top : 0px;margin-bottom : 20px;}.fusion-builder-column-4 > .fusion-column-wrapper {padding-top : 0px !important;padding-right : 0px !important;margin-right : 1.92%;padding-bottom : 0px !important;padding-left : 0px !important;margin-left : 1.92%;}@media only screen and (max-width:1024px) {.fusion-body .fusion-builder-column-4{width:100% !important;order : 0;}.fusion-builder-column-4 > .fusion-column-wrapper {margin-right : 1.92%;margin-left : 1.92%;}}@media only screen and (max-width:640px) {.fusion-body .fusion-builder-column-4{width:100% !important;order : 0;}.fusion-builder-column-4 > .fusion-column-wrapper {margin-right : 1.92%;margin-left : 1.92%;}}<\/style><\/div><\/div><style type=\"text\/css\">.fusion-body .fusion-flex-container.fusion-builder-row-2{ padding-top : 0px;margin-top : 0px;padding-right : 0px;padding-bottom : 0px;margin-bottom : 0px;padding-left : 0px;}<\/style><\/div><div class=\"fusion-fullwidth fullwidth-box fusion-builder-row-3 fusion-flex-container nonhundred-percent-fullwidth non-hundred-percent-height-scrolling\" style=\"background-color: rgba(255,255,255,0);background-position: center center;background-repeat: no-repeat;border-width: 0px 0px 0px 0px;border-color:#e2e2e2;border-style:solid;\" ><div class=\"fusion-builder-row fusion-row fusion-flex-align-items-flex-start fusion-flex-justify-content-space-between\" style=\"max-width:calc( 1200px + 40px );margin-left: calc(-40px \/ 2 );margin-right: calc(-40px \/ 2 );\"><div class=\"fusion-layout-column fusion_builder_column fusion-builder-column-5 fusion_builder_column_1_2 1_2 fusion-flex-column fusion-flex-align-self-stretch\"><div class=\"fusion-column-wrapper fusion-flex-justify-content-flex-start fusion-content-layout-column\" style=\"background-position:left top;background-repeat:no-repeat;-webkit-background-size:cover;-moz-background-size:cover;-o-background-size:cover;background-size:cover;background-color:#f4f4f4;padding: 20px 20px 20px 20px;\"><div class=\"fusion-text fusion-text-3\"><p><strong>Evening programme<\/strong> :<\/p>\n<ul>\n<li>D\u00e9gustation et comparaison de 4 ou 5 vins<\/li>\n<li>A local cheese platter and selection of breads will accompany the tasting<\/li>\n<li>A coffret of aroma samples will be used to help develop your sense of smell<\/li>\n<\/ul>\n<\/div><\/div><style type=\"text\/css\">.fusion-body .fusion-builder-column-5{width:50% !important;margin-top : 0px;margin-bottom : 20px;}.fusion-builder-column-5 > .fusion-column-wrapper {padding-top : 20px !important;padding-right : 20px !important;margin-right : 15px;padding-bottom : 20px !important;padding-left : 20px !important;margin-left : 15px;}@media only screen and (max-width:1024px) {.fusion-body .fusion-builder-column-5{width:50% !important;order : 0;}.fusion-builder-column-5 > .fusion-column-wrapper {margin-right : 15px;margin-left : 15px;}}@media only screen and (max-width:640px) {.fusion-body .fusion-builder-column-5{width:100% !important;order : 0;}.fusion-builder-column-5 > .fusion-column-wrapper {margin-right : 20px;margin-left : 20px;}}<\/style><\/div><div class=\"fusion-layout-column fusion_builder_column fusion-builder-column-6 fusion_builder_column_1_2 1_2 fusion-flex-column fusion-flex-align-self-stretch\"><div class=\"fusion-column-wrapper fusion-flex-justify-content-flex-start fusion-content-layout-column\" style=\"background-position:left top;background-repeat:no-repeat;-webkit-background-size:cover;-moz-background-size:cover;-o-background-size:cover;background-size:cover;background-color:#f4f4f4;padding: 20px 20px 20px 20px;\"><div class=\"fusion-text fusion-text-4\"><p><strong>Reservation conditions<\/strong> :<\/p>\n<\/div><ul class=\"fusion-checklist fusion-checklist-1\" style=\"font-size:16px;line-height:27.2px;\"><li class=\"fusion-li-item\"><span style=\"background-color:#671f20;font-size:14.08px;height:27.2px;width:27.2px;margin-right:11.2px;\" class=\"icon-wrapper circle-yes\"><i class=\"fusion-li-icon fa-wine-glass-alt fas\" style=\"color:#ffffff;\" aria-hidden=\"true\"><\/i><\/span><div class=\"fusion-li-item-content\" style=\"margin-left:38.4px;\">\n<p>For Individual participants<\/p>\n<\/div><\/li><li class=\"fusion-li-item\"><span style=\"background-color:#671f20;font-size:14.08px;height:27.2px;width:27.2px;margin-right:11.2px;\" class=\"icon-wrapper circle-yes\"><i class=\"fusion-li-icon fa-money-bill fas\" style=\"color:#ffffff;\" aria-hidden=\"true\"><\/i><\/span><div class=\"fusion-li-item-content\" style=\"margin-left:38.4px;\">\n<p>40 euros per person<\/p>\n<\/div><\/li><li class=\"fusion-li-item\"><span style=\"background-color:#671f20;font-size:14.08px;height:27.2px;width:27.2px;margin-right:11.2px;\" class=\"icon-wrapper circle-yes\"><i class=\"fusion-li-icon fa-users fas\" style=\"color:#ffffff;\" aria-hidden=\"true\"><\/i><\/span><div class=\"fusion-li-item-content\" style=\"margin-left:38.4px;\">\n<p>Groups of 12 people minimum<\/p>\n<\/div><\/li><\/ul><\/div><style type=\"text\/css\">.fusion-body .fusion-builder-column-6{width:50% !important;margin-top : 0px;margin-bottom : 20px;}.fusion-builder-column-6 > .fusion-column-wrapper {padding-top : 20px !important;padding-right : 20px !important;margin-right : 15px;padding-bottom : 20px !important;padding-left : 20px !important;margin-left : 15px;}@media only screen and (max-width:1024px) {.fusion-body .fusion-builder-column-6{width:50% !important;order : 0;}.fusion-builder-column-6 > .fusion-column-wrapper {margin-right : 15px;margin-left : 15px;}}@media only screen and (max-width:640px) {.fusion-body .fusion-builder-column-6{width:100% !important;order : 0;}.fusion-builder-column-6 > .fusion-column-wrapper {margin-right : 20px;margin-left : 20px;}}<\/style><\/div><\/div><style type=\"text\/css\">.fusion-body .fusion-flex-container.fusion-builder-row-3{ padding-top : 0px;margin-top : 0px;padding-right : 0px;padding-bottom : 0px;margin-bottom : 0px;padding-left : 0px;}<\/style><\/div><div class=\"fusion-fullwidth fullwidth-box fusion-builder-row-4 fusion-flex-container nonhundred-percent-fullwidth non-hundred-percent-height-scrolling\" style=\"background-color: rgba(255,255,255,0);background-position: center center;background-repeat: no-repeat;border-width: 0px 0px 0px 0px;border-color:#e2e2e2;border-style:solid;\" ><div class=\"fusion-builder-row fusion-row fusion-flex-align-items-flex-start\" style=\"max-width:1248px;margin-left: calc(-4% \/ 2 );margin-right: calc(-4% \/ 2 );\"><div class=\"fusion-layout-column fusion_builder_column fusion-builder-column-7 fusion_builder_column_1_1 1_1 fusion-flex-column\"><div class=\"fusion-column-wrapper fusion-flex-justify-content-flex-start fusion-content-layout-column\" style=\"background-position:left top;background-repeat:no-repeat;-webkit-background-size:cover;-moz-background-size:cover;-o-background-size:cover;background-size:cover;padding: 0px 0px 0px 0px;\"><style type=\"text\/css\">@media only screen and (max-width:1024px) {.fusion-title.fusion-title-2{margin-top:10px!important; margin-right:!important;margin-bottom:15px!important;margin-left:!important;}}@media only screen and (max-width:640px) {.fusion-title.fusion-title-2{margin-top:10px!important; margin-right:!important;margin-bottom:10px!important; margin-left:!important;}}<\/style><div class=\"fusion-title title fusion-title-2 fusion-sep-none fusion-title-text fusion-title-size-three\" style=\"margin-top:10px;margin-bottom:15px;\"><h3 class=\"title-heading-left\" style=\"margin:0;\">Example of a tasting sheet<\/h3><\/div><div class=\"fusion-text fusion-text-5\"><p style=\"text-align: left;\">Examples of sensory aromas to identify, specific to certain wines:<\/p>\n<\/div><div style=\"text-align:left;\"><span class=\"fusion-imageframe imageframe-none imageframe-2 hover-type-none\" style=\"max-width:700px;\"><img decoding=\"async\" width=\"1157\" height=\"154\" title=\"Tableau-1\" src=\"https:\/\/www.aujardinclos.com\/wp-content\/uploads\/2023\/04\/Wine-tasting-sheet-Au-Jardin-Clos.jpg\" class=\"img-responsive wp-image-196\" srcset=\"https:\/\/www.aujardinclos.com\/wp-content\/uploads\/2023\/04\/Wine-tasting-sheet-Au-Jardin-Clos-18x2.jpg 18w, https:\/\/www.aujardinclos.com\/wp-content\/uploads\/2023\/04\/Wine-tasting-sheet-Au-Jardin-Clos-200x27.jpg 200w, https:\/\/www.aujardinclos.com\/wp-content\/uploads\/2023\/04\/Wine-tasting-sheet-Au-Jardin-Clos-300x40.jpg 300w, https:\/\/www.aujardinclos.com\/wp-content\/uploads\/2023\/04\/Wine-tasting-sheet-Au-Jardin-Clos-400x53.jpg 400w, https:\/\/www.aujardinclos.com\/wp-content\/uploads\/2023\/04\/Wine-tasting-sheet-Au-Jardin-Clos-600x80.jpg 600w, https:\/\/www.aujardinclos.com\/wp-content\/uploads\/2023\/04\/Wine-tasting-sheet-Au-Jardin-Clos-768x102.jpg 768w, https:\/\/www.aujardinclos.com\/wp-content\/uploads\/2023\/04\/Wine-tasting-sheet-Au-Jardin-Clos-800x106.jpg 800w, https:\/\/www.aujardinclos.com\/wp-content\/uploads\/2023\/04\/Wine-tasting-sheet-Au-Jardin-Clos-1024x136.jpg 1024w, https:\/\/www.aujardinclos.com\/wp-content\/uploads\/2023\/04\/Wine-tasting-sheet-Au-Jardin-Clos.jpg 1157w\" sizes=\"(max-width: 640px) 100vw, 1157px\" \/><\/span><\/div><\/div><style type=\"text\/css\">.fusion-body .fusion-builder-column-7{width:100% !important;margin-top : 0px;margin-bottom : 20px;}.fusion-builder-column-7 > .fusion-column-wrapper {padding-top : 0px !important;padding-right : 0px !important;margin-right : 1.92%;padding-bottom : 0px !important;padding-left : 0px !important;margin-left : 1.92%;}@media only screen and (max-width:1024px) {.fusion-body .fusion-builder-column-7{width:100% !important;order : 0;}.fusion-builder-column-7 > .fusion-column-wrapper {margin-right : 1.92%;margin-left : 1.92%;}}@media only screen and (max-width:640px) {.fusion-body .fusion-builder-column-7{width:100% !important;order : 0;}.fusion-builder-column-7 > .fusion-column-wrapper {margin-right : 1.92%;margin-left : 1.92%;}}<\/style><\/div><div class=\"fusion-layout-column fusion_builder_column fusion-builder-column-8 fusion_builder_column_1_1 1_1 fusion-flex-column\"><div class=\"fusion-column-wrapper fusion-flex-justify-content-flex-start fusion-content-layout-column\" style=\"background-position:left top;background-repeat:no-repeat;-webkit-background-size:cover;-moz-background-size:cover;-o-background-size:cover;background-size:cover;padding: 0px 0px 0px 0px;\"><style type=\"text\/css\">@media only screen and (max-width:1024px) {.fusion-title.fusion-title-3{margin-top:10px!important; margin-right:!important;margin-bottom:15px!important;margin-left:!important;}}@media only screen and (max-width:640px) {.fusion-title.fusion-title-3{margin-top:10px!important; margin-right:!important;margin-bottom:10px!important; margin-left:!important;}}<\/style><div class=\"fusion-title title fusion-title-3 fusion-sep-none fusion-title-text fusion-title-size-three\" style=\"margin-top:10px;margin-bottom:15px;\"><h3 class=\"title-heading-left\" style=\"margin:0;\">Example of a blind wine tasting card to complete:<\/h3><\/div><div style=\"text-align:left;\"><span class=\"fusion-imageframe imageframe-none imageframe-3 hover-type-none\" style=\"max-width:700px;\"><img decoding=\"async\" width=\"1158\" height=\"303\" title=\"Tableau-2\" src=\"https:\/\/www.aujardinclos.com\/wp-content\/uploads\/2023\/04\/Blind-wine-tasting-card-Au-Jardin-Clos.jpg\" class=\"img-responsive wp-image-197\" srcset=\"https:\/\/www.aujardinclos.com\/wp-content\/uploads\/2023\/04\/Blind-wine-tasting-card-Au-Jardin-Clos-18x5.jpg 18w, https:\/\/www.aujardinclos.com\/wp-content\/uploads\/2023\/04\/Blind-wine-tasting-card-Au-Jardin-Clos-200x52.jpg 200w, https:\/\/www.aujardinclos.com\/wp-content\/uploads\/2023\/04\/Blind-wine-tasting-card-Au-Jardin-Clos-300x78.jpg 300w, https:\/\/www.aujardinclos.com\/wp-content\/uploads\/2023\/04\/Blind-wine-tasting-card-Au-Jardin-Clos-400x105.jpg 400w, https:\/\/www.aujardinclos.com\/wp-content\/uploads\/2023\/04\/Blind-wine-tasting-card-Au-Jardin-Clos-600x157.jpg 600w, https:\/\/www.aujardinclos.com\/wp-content\/uploads\/2023\/04\/Blind-wine-tasting-card-Au-Jardin-Clos-768x201.jpg 768w, https:\/\/www.aujardinclos.com\/wp-content\/uploads\/2023\/04\/Blind-wine-tasting-card-Au-Jardin-Clos-800x209.jpg 800w, https:\/\/www.aujardinclos.com\/wp-content\/uploads\/2023\/04\/Blind-wine-tasting-card-Au-Jardin-Clos-1024x268.jpg 1024w, https:\/\/www.aujardinclos.com\/wp-content\/uploads\/2023\/04\/Blind-wine-tasting-card-Au-Jardin-Clos.jpg 1158w\" sizes=\"(max-width: 640px) 100vw, 1158px\" \/><\/span><\/div><\/div><style type=\"text\/css\">.fusion-body .fusion-builder-column-8{width:100% !important;margin-top : 0px;margin-bottom : 20px;}.fusion-builder-column-8 > .fusion-column-wrapper {padding-top : 0px !important;padding-right : 0px !important;margin-right : 1.92%;padding-bottom : 0px !important;padding-left : 0px !important;margin-left : 1.92%;}@media only screen and (max-width:1024px) {.fusion-body .fusion-builder-column-8{width:100% !important;order : 0;}.fusion-builder-column-8 > .fusion-column-wrapper {margin-right : 1.92%;margin-left : 1.92%;}}@media only screen and (max-width:640px) {.fusion-body .fusion-builder-column-8{width:100% !important;order : 0;}.fusion-builder-column-8 > .fusion-column-wrapper {margin-right : 1.92%;margin-left : 1.92%;}}<\/style><\/div><\/div><style type=\"text\/css\">.fusion-body .fusion-flex-container.fusion-builder-row-4{ padding-top : 0px;margin-top : 0px;padding-right : 0px;padding-bottom : 0px;margin-bottom : 0px;padding-left : 0px;}<\/style><\/div><\/p>","protected":false},"excerpt":{"rendered":"","protected":false},"author":1,"featured_media":0,"parent":0,"menu_order":0,"comment_status":"closed","ping_status":"closed","template":"","meta":{"footnotes":""},"class_list":["post-184","page","type-page","status-publish","hentry"],"_links":{"self":[{"href":"https:\/\/www.aujardinclos.com\/en\/wp-json\/wp\/v2\/pages\/184","targetHints":{"allow":["GET"]}}],"collection":[{"href":"https:\/\/www.aujardinclos.com\/en\/wp-json\/wp\/v2\/pages"}],"about":[{"href":"https:\/\/www.aujardinclos.com\/en\/wp-json\/wp\/v2\/types\/page"}],"author":[{"embeddable":true,"href":"https:\/\/www.aujardinclos.com\/en\/wp-json\/wp\/v2\/users\/1"}],"replies":[{"embeddable":true,"href":"https:\/\/www.aujardinclos.com\/en\/wp-json\/wp\/v2\/comments?post=184"}],"version-history":[{"count":36,"href":"https:\/\/www.aujardinclos.com\/en\/wp-json\/wp\/v2\/pages\/184\/revisions"}],"predecessor-version":[{"id":572,"href":"https:\/\/www.aujardinclos.com\/en\/wp-json\/wp\/v2\/pages\/184\/revisions\/572"}],"wp:attachment":[{"href":"https:\/\/www.aujardinclos.com\/en\/wp-json\/wp\/v2\/media?parent=184"}],"curies":[{"name":"wp","href":"https:\/\/api.w.org\/{rel}","templated":true}]}}