{"id":126,"date":"2023-02-06T00:38:20","date_gmt":"2023-02-06T00:38:20","guid":{"rendered":"http:\/\/ajc.mnpreprod.com\/?page_id=126"},"modified":"2024-03-12T22:59:27","modified_gmt":"2024-03-12T22:59:27","slug":"home","status":"publish","type":"page","link":"https:\/\/www.aujardinclos.com\/fr\/","title":{"rendered":"home"},"content":{"rendered":"<p><div class=\"fusion-fullwidth fullwidth-box fusion-builder-row-1 fusion-flex-container hundred-percent-fullwidth non-hundred-percent-height-scrolling\" style=\"background-color: rgba(255,255,255,0);background-position: center center;background-repeat: no-repeat;border-width: 0px 0px 0px 0px;border-color:#e2e2e2;border-style:solid;\" ><div class=\"fusion-builder-row fusion-row fusion-flex-align-items-flex-start\" style=\"width:104% !important;max-width:104% !important;margin-left: calc(-4% \/ 2 );margin-right: calc(-4% \/ 2 );\"><div class=\"fusion-layout-column fusion_builder_column fusion-builder-column-0 fusion_builder_column_1_1 1_1 fusion-flex-column\"><div class=\"fusion-column-wrapper fusion-flex-justify-content-flex-start fusion-content-layout-column\" style=\"background-position:left top;background-repeat:no-repeat;-webkit-background-size:cover;-moz-background-size:cover;-o-background-size:cover;background-size:cover;padding: 0px 0px 0px 0px;\"><div ><span class=\" fusion-imageframe imageframe-none imageframe-1 hover-type-none\"><img decoding=\"async\" width=\"1891\" height=\"667\" title=\"Slider Home V3\" src=\"https:\/\/www.aujardinclos.com\/wp-content\/uploads\/2023\/03\/Slider-Home-V3.jpg\" class=\"img-responsive wp-image-343\" srcset=\"https:\/\/www.aujardinclos.com\/wp-content\/uploads\/2023\/03\/Slider-Home-V3-200x71.jpg 200w, https:\/\/www.aujardinclos.com\/wp-content\/uploads\/2023\/03\/Slider-Home-V3-400x141.jpg 400w, https:\/\/www.aujardinclos.com\/wp-content\/uploads\/2023\/03\/Slider-Home-V3-600x212.jpg 600w, https:\/\/www.aujardinclos.com\/wp-content\/uploads\/2023\/03\/Slider-Home-V3-800x282.jpg 800w, https:\/\/www.aujardinclos.com\/wp-content\/uploads\/2023\/03\/Slider-Home-V3-1200x423.jpg 1200w, https:\/\/www.aujardinclos.com\/wp-content\/uploads\/2023\/03\/Slider-Home-V3.jpg 1891w\" sizes=\"(max-width: 640px) 100vw, 1891px\" \/><\/span><\/div><\/div><style type=\"text\/css\">.fusion-body .fusion-builder-column-0{width:100% !important;margin-top : 0px;margin-bottom : 0px;}.fusion-builder-column-0 > .fusion-column-wrapper {padding-top : 0px !important;padding-right : 0px !important;margin-right : 0;padding-bottom : 0px !important;padding-left : 0px !important;margin-left : 0;}@media only screen and (max-width:1024px) {.fusion-body .fusion-builder-column-0{width:100% !important;order : 0;}.fusion-builder-column-0 > .fusion-column-wrapper {margin-right : 0;margin-left : 0;}}@media only screen and (max-width:640px) {.fusion-body .fusion-builder-column-0{width:100% !important;order : 0;}.fusion-builder-column-0 > .fusion-column-wrapper {margin-right : 1.92%;margin-left : 1.92%;}}<\/style><\/div><\/div><style type=\"text\/css\">.fusion-body .fusion-flex-container.fusion-builder-row-1{ padding-top : 0px;margin-top : 0px;padding-right : 0px;padding-bottom : 0px;margin-bottom : 0px;padding-left : 0px;}<\/style><\/div><div class=\"fusion-fullwidth fullwidth-box fusion-builder-row-2 fusion-flex-container nonhundred-percent-fullwidth non-hundred-percent-height-scrolling\" style=\"background-color: rgba(255,255,255,0);background-position: center center;background-repeat: no-repeat;border-width: 0px 0px 0px 0px;border-color:#e2e2e2;border-style:solid;\" ><div class=\"fusion-builder-row fusion-row fusion-flex-align-items-flex-start\" style=\"max-width:1248px;margin-left: calc(-4% \/ 2 );margin-right: calc(-4% \/ 2 );\"><div class=\"fusion-layout-column fusion_builder_column fusion-builder-column-1 fusion_builder_column_1_1 1_1 fusion-flex-column\"><div class=\"fusion-column-wrapper fusion-flex-justify-content-flex-start fusion-content-layout-column\" style=\"background-position:left top;background-repeat:no-repeat;-webkit-background-size:cover;-moz-background-size:cover;-o-background-size:cover;background-size:cover;padding: 0px 0px 0px 0px;\"><style type=\"text\/css\">@media only screen and (max-width:1024px) {.fusion-title.fusion-title-1{margin-top:10px!important; margin-right:!important;margin-bottom:30px!important;margin-left:!important;}}@media only screen and (max-width:640px) {.fusion-title.fusion-title-1{margin-top:10px!important; margin-right:!important;margin-bottom:10px!important; margin-left:!important;}}<\/style><div class=\"fusion-title title fusion-title-1 fusion-sep-none fusion-title-center fusion-title-text fusion-title-size-one\" style=\"margin-top:10px;margin-bottom:30px;\"><h1 class=\"title-heading-center\" style=\"margin:0;\">Bienvenue au Jardin Clos : D\u00e9gustation, Convivialit\u00e9, Connaissance, Authenticit\u00e9, Terroir &#8230;<\/h1><\/div><div class=\"fusion-text fusion-text-1\" style=\"font-size:20px;\"><p><strong>C\u2019est avec grand plaisir que je vous re\u00e7ois Au Jardin Clos pour une d\u00e9gustation de vins et mets de Bourgogne. Je vous propose de partager avec vous ma connaissance, ma passion et mon jardin pour un bon moment de convivialit\u00e9.<\/strong><\/p>\n<\/div><\/div><style type=\"text\/css\">.fusion-body .fusion-builder-column-1{width:100% !important;margin-top : 0px;margin-bottom : 20px;}.fusion-builder-column-1 > .fusion-column-wrapper {padding-top : 0px !important;padding-right : 0px !important;margin-right : 1.92%;padding-bottom : 0px !important;padding-left : 0px !important;margin-left : 1.92%;}@media only screen and (max-width:1024px) {.fusion-body .fusion-builder-column-1{width:100% !important;order : 0;}.fusion-builder-column-1 > .fusion-column-wrapper {margin-right : 1.92%;margin-left : 1.92%;}}@media only screen and (max-width:640px) {.fusion-body .fusion-builder-column-1{width:100% !important;order : 0;}.fusion-builder-column-1 > .fusion-column-wrapper {margin-right : 1.92%;margin-left : 1.92%;}}<\/style><\/div><\/div><style type=\"text\/css\">.fusion-body .fusion-flex-container.fusion-builder-row-2{ padding-top : 0px;margin-top : 60px;padding-right : 0px;padding-bottom : 0px;margin-bottom : 0px;padding-left : 0px;}<\/style><\/div><div class=\"fusion-fullwidth fullwidth-box fusion-builder-row-3 fusion-flex-container nonhundred-percent-fullwidth non-hundred-percent-height-scrolling\" style=\"background-color: rgba(255,255,255,0);background-position: center center;background-repeat: no-repeat;border-width: 0px 0px 0px 0px;border-color:#e2e2e2;border-style:solid;\" ><div class=\"fusion-builder-row fusion-row fusion-flex-align-items-flex-start\" style=\"max-width:1248px;margin-left: calc(-4% \/ 2 );margin-right: calc(-4% \/ 2 );\"><div class=\"fusion-layout-column fusion_builder_column fusion-builder-column-2 fusion_builder_column_1_3 1_3 fusion-flex-column\"><div class=\"fusion-column-wrapper fusion-flex-justify-content-flex-start fusion-content-layout-column\" style=\"background-position:left top;background-repeat:no-repeat;-webkit-background-size:cover;-moz-background-size:cover;-o-background-size:cover;background-size:cover;padding: 0px 0px 0px 0px;\"><div style=\"text-align:center;\"><span class=\" fusion-imageframe imageframe-none imageframe-2 hover-type-none\"><a href=\"https:\/\/www.aujardinclos.com\/wp-content\/uploads\/2023\/02\/Au-Jardin-Clos-Auxerre-degustation-vin-Bourgogne.jpg\" class=\"fusion-lightbox\" data-rel=\"iLightbox[fa9afeb6ce21fa3daf0]\" data-title=\"Au Jardin Clos Auxerre d\u00e9gustation vin Bourgogne\" title=\"Au Jardin Clos Auxerre d\u00e9gustation vin Bourgogne\"><img decoding=\"async\" width=\"1600\" height=\"1200\" src=\"https:\/\/www.aujardinclos.com\/wp-content\/uploads\/2023\/02\/Au-Jardin-Clos-Auxerre-degustation-vin-Bourgogne.jpg\" class=\"img-responsive wp-image-253\" srcset=\"https:\/\/www.aujardinclos.com\/wp-content\/uploads\/2023\/02\/Au-Jardin-Clos-Auxerre-degustation-vin-Bourgogne-200x150.jpg 200w, https:\/\/www.aujardinclos.com\/wp-content\/uploads\/2023\/02\/Au-Jardin-Clos-Auxerre-degustation-vin-Bourgogne-400x300.jpg 400w, https:\/\/www.aujardinclos.com\/wp-content\/uploads\/2023\/02\/Au-Jardin-Clos-Auxerre-degustation-vin-Bourgogne-600x450.jpg 600w, https:\/\/www.aujardinclos.com\/wp-content\/uploads\/2023\/02\/Au-Jardin-Clos-Auxerre-degustation-vin-Bourgogne-800x600.jpg 800w, https:\/\/www.aujardinclos.com\/wp-content\/uploads\/2023\/02\/Au-Jardin-Clos-Auxerre-degustation-vin-Bourgogne-1200x900.jpg 1200w, https:\/\/www.aujardinclos.com\/wp-content\/uploads\/2023\/02\/Au-Jardin-Clos-Auxerre-degustation-vin-Bourgogne.jpg 1600w\" sizes=\"(max-width: 640px) 100vw, 400px\" \/><\/a><\/span><\/div><\/div><style type=\"text\/css\">.fusion-body .fusion-builder-column-2{width:33.333333333333% !important;margin-top : 0px;margin-bottom : 20px;}.fusion-builder-column-2 > .fusion-column-wrapper {padding-top : 0px !important;padding-right : 0px !important;margin-right : 5.76%;padding-bottom : 0px !important;padding-left : 0px !important;margin-left : 5.76%;}@media only screen and (max-width:1024px) {.fusion-body .fusion-builder-column-2{width:33.333333333333% !important;order : 0;}.fusion-builder-column-2 > .fusion-column-wrapper {margin-right : 5.76%;margin-left : 5.76%;}}@media only screen and (max-width:640px) {.fusion-body .fusion-builder-column-2{width:100% !important;order : 0;}.fusion-builder-column-2 > .fusion-column-wrapper {margin-right : 1.92%;margin-left : 1.92%;}}<\/style><\/div><div class=\"fusion-layout-column fusion_builder_column fusion-builder-column-3 fusion_builder_column_2_3 2_3 fusion-flex-column\"><div class=\"fusion-column-wrapper fusion-flex-justify-content-flex-start fusion-content-layout-column\" style=\"background-position:left top;background-repeat:no-repeat;-webkit-background-size:cover;-moz-background-size:cover;-o-background-size:cover;background-size:cover;padding: 0px 0px 0px 0px;\"><style type=\"text\/css\">@media only screen and (max-width:1024px) {.fusion-title.fusion-title-2{margin-top:10px!important; margin-right:!important;margin-bottom:15px!important;margin-left:!important;}}@media only screen and (max-width:640px) {.fusion-title.fusion-title-2{margin-top:10px!important; margin-right:!important;margin-bottom:10px!important; margin-left:!important;}}<\/style><div class=\"fusion-title title fusion-title-2 fusion-sep-none fusion-title-text fusion-title-size-two\" style=\"margin-top:10px;margin-bottom:15px;\"><h2 class=\"title-heading-left\" style=\"margin:0;\">D\u00e9gustation de vins de Bourgogne et soir\u00e9es Cheese &amp; Wine<\/h2><\/div><div class=\"fusion-text fusion-text-2\"><p>\u00c0 la suite de la vente de notre h\u00f4tel \u00ab H\u00f4tel Les Grands Ch\u00eanes \u00bb, \u00e0 Saint Fargeau, en d\u00e9cembre 2021, nous nous sommes install\u00e9s \u00e0 Auxerre en plein centre de cette jolie ville historique.<\/p>\n<p>La maison, jadis une belle demeure de charme, \u00e9tait inhabitable.\u00a0 Nous l\u2019avons compl\u00e8tement r\u00e9nov\u00e9e, afin de lui rendre son \u00e2me d\u2019autrefois.<\/p>\n<\/div><\/div><style type=\"text\/css\">.fusion-body .fusion-builder-column-3{width:66.666666666667% !important;margin-top : 0px;margin-bottom : 20px;}.fusion-builder-column-3 > .fusion-column-wrapper {padding-top : 0px !important;padding-right : 0px !important;margin-right : 2.88%;padding-bottom : 0px !important;padding-left : 0px !important;margin-left : 2.88%;}@media only screen and (max-width:1024px) {.fusion-body .fusion-builder-column-3{width:66.666666666667% !important;order : 0;}.fusion-builder-column-3 > .fusion-column-wrapper {margin-right : 2.88%;margin-left : 2.88%;}}@media only screen and (max-width:640px) {.fusion-body .fusion-builder-column-3{width:100% !important;order : 0;}.fusion-builder-column-3 > .fusion-column-wrapper {margin-right : 1.92%;margin-left : 1.92%;}}<\/style><\/div><\/div><style type=\"text\/css\">.fusion-body .fusion-flex-container.fusion-builder-row-3{ padding-top : 0px;margin-top : 0px;padding-right : 0px;padding-bottom : 0px;margin-bottom : 0px;padding-left : 0px;}<\/style><\/div><div class=\"fusion-fullwidth fullwidth-box fusion-builder-row-4 fusion-flex-container nonhundred-percent-fullwidth non-hundred-percent-height-scrolling\" style=\"background-color: rgba(255,255,255,0);background-position: center center;background-repeat: no-repeat;border-width: 0px 0px 0px 0px;border-color:#e2e2e2;border-style:solid;\" ><div class=\"fusion-builder-row fusion-row fusion-flex-align-items-flex-start\" style=\"max-width:1248px;margin-left: calc(-4% \/ 2 );margin-right: calc(-4% \/ 2 );\"><div class=\"fusion-layout-column fusion_builder_column fusion-builder-column-4 fusion_builder_column_2_3 2_3 fusion-flex-column\"><div class=\"fusion-column-wrapper fusion-flex-justify-content-flex-start fusion-content-layout-column\" style=\"background-position:left top;background-repeat:no-repeat;-webkit-background-size:cover;-moz-background-size:cover;-o-background-size:cover;background-size:cover;padding: 0px 0px 0px 0px;\"><style type=\"text\/css\">@media only screen and (max-width:1024px) {.fusion-title.fusion-title-3{margin-top:10px!important; margin-right:!important;margin-bottom:15px!important;margin-left:!important;}}@media only screen and (max-width:640px) {.fusion-title.fusion-title-3{margin-top:10px!important; margin-right:!important;margin-bottom:10px!important; margin-left:!important;}}<\/style><div class=\"fusion-title title fusion-title-3 fusion-sep-none fusion-title-text fusion-title-size-two\" style=\"margin-top:10px;margin-bottom:15px;\"><h2 class=\"title-heading-left\" style=\"margin:0;\">Passionn\u00e9e par les vins de Bourgogne, Rachael vous accueille pour une d\u00e9gustation de vins&#8230;<\/h2><\/div><div class=\"fusion-text fusion-text-3\"><p><strong>The Tasting Room<\/strong> n\u2019est pas n\u00e9e par hasard&#8230;<br \/>\nEn tant qu\u2019h\u00f4teli\u00e8re je proposais des d\u00e9gustations de vins de notre secteur (Sancerre, Chablis, Irancy, Coulanges La Vineuse&#8230;).<\/p>\n<p>Suite \u00e0 cette exp\u00e9rience et ayant d\u00e9couvert la richesse de ce patrimoine et terroir remarquable qui appartient\u00a0 au patrimoine mondial de l&rsquo;<em>UNESCO) <\/em>\u00a0 mon objectif \u00e9tait de d\u00e9couvrir l&rsquo;ensemble du terroir de Bourgogne (Chablis et Auxerrois, C\u00f4te de Nuits, C\u00f4te de Beaune, C\u00f4te Chalonnaise et le M\u00e2connais) et ainsi me perfectionner et approfondir mes connaissances dans ce domaine.<\/p>\n<p>Mon projet de r\u00e9novation de la maison ainsi que celui de d\u00e9gustations de vins de Bourgogne qui privil\u00e9gie les petits producteurs ind\u00e9pendants sont devenus intimement li\u00e9s.<\/p>\n<\/div><div class=\"fusion-text fusion-text-4\"><p>D\u00e9couvrez les diff\u00e9rentes prestations de d\u00e9gustation :<\/p>\n<\/div><div style=\"text-align:left;\"><style type=\"text\/css\">.fusion-button.button-1 {border-radius:4px;}<\/style><a class=\"fusion-button button-flat button-medium button-default button-1 fusion-button-default-span fusion-button-default-type\" target=\"_self\" href=\"https:\/\/www.aujardinclos.com\/formules-de-degustation\"><span class=\"fusion-button-text\">D\u00e9gustation vins de Bourgogne<\/span><\/a><\/div><div class=\"fusion-separator fusion-full-width-sep\" style=\"align-self: center;margin-left: auto;margin-right: auto;margin-top:15px;width:100%;\"><\/div><div style=\"text-align:left;\"><style type=\"text\/css\">.fusion-button.button-2 {border-radius:4px;}<\/style><a class=\"fusion-button button-flat button-medium button-default button-2 fusion-button-default-span fusion-button-default-type\" target=\"_self\" href=\"https:\/\/www.aujardinclos.com\/soirees-cheese-wine\"><span class=\"fusion-button-text\">Soir\u00e9es- Cheese &amp; Wine<\/span><\/a><\/div><div class=\"fusion-separator fusion-full-width-sep\" style=\"align-self: center;margin-left: auto;margin-right: auto;margin-top:15px;width:100%;\"><\/div><div style=\"text-align:left;\"><style type=\"text\/css\">.fusion-button.button-3 {border-radius:4px;}<\/style><a class=\"fusion-button button-flat button-medium button-default button-3 fusion-button-default-span fusion-button-default-type\" target=\"_self\" href=\"https:\/\/www.aujardinclos.com\/fr\/location-de-salle\"><span class=\"fusion-button-text\">Location de salle<\/span><\/a><\/div><\/div><style type=\"text\/css\">.fusion-body .fusion-builder-column-4{width:66.666666666667% !important;margin-top : 0px;margin-bottom : 20px;}.fusion-builder-column-4 > .fusion-column-wrapper {padding-top : 0px !important;padding-right : 0px !important;margin-right : 2.88%;padding-bottom : 0px !important;padding-left : 0px !important;margin-left : 2.88%;}@media only screen and (max-width:1024px) {.fusion-body .fusion-builder-column-4{width:66.666666666667% !important;order : 0;}.fusion-builder-column-4 > .fusion-column-wrapper {margin-right : 2.88%;margin-left : 2.88%;}}@media only screen and (max-width:640px) {.fusion-body .fusion-builder-column-4{width:100% !important;order : 0;}.fusion-builder-column-4 > .fusion-column-wrapper {margin-right : 1.92%;margin-left : 1.92%;}}<\/style><\/div><div class=\"fusion-layout-column fusion_builder_column fusion-builder-column-5 fusion_builder_column_1_3 1_3 fusion-flex-column\"><div class=\"fusion-column-wrapper fusion-flex-justify-content-flex-start fusion-content-layout-column\" style=\"background-position:left top;background-repeat:no-repeat;-webkit-background-size:cover;-moz-background-size:cover;-o-background-size:cover;background-size:cover;padding: 0px 0px 0px 0px;\"><div style=\"text-align:center;\"><span class=\" fusion-imageframe imageframe-none imageframe-3 hover-type-none\"><img decoding=\"async\" width=\"743\" height=\"1035\" title=\"photo profil rachael\" src=\"https:\/\/www.aujardinclos.com\/wp-content\/uploads\/2023\/02\/photo-profil-rachael.png\" class=\"img-responsive wp-image-254\" srcset=\"https:\/\/www.aujardinclos.com\/wp-content\/uploads\/2023\/02\/photo-profil-rachael-200x279.png 200w, https:\/\/www.aujardinclos.com\/wp-content\/uploads\/2023\/02\/photo-profil-rachael-400x557.png 400w, https:\/\/www.aujardinclos.com\/wp-content\/uploads\/2023\/02\/photo-profil-rachael-600x836.png 600w, https:\/\/www.aujardinclos.com\/wp-content\/uploads\/2023\/02\/photo-profil-rachael.png 743w\" sizes=\"(max-width: 640px) 100vw, 400px\" \/><\/span><\/div><\/div><style type=\"text\/css\">.fusion-body .fusion-builder-column-5{width:33.333333333333% !important;margin-top : 0px;margin-bottom : 20px;}.fusion-builder-column-5 > .fusion-column-wrapper {padding-top : 0px !important;padding-right : 0px !important;margin-right : 5.76%;padding-bottom : 0px !important;padding-left : 0px !important;margin-left : 5.76%;}@media only screen and (max-width:1024px) {.fusion-body .fusion-builder-column-5{width:33.333333333333% !important;order : 0;}.fusion-builder-column-5 > .fusion-column-wrapper {margin-right : 5.76%;margin-left : 5.76%;}}@media only screen and (max-width:640px) {.fusion-body .fusion-builder-column-5{width:100% !important;order : 0;}.fusion-builder-column-5 > .fusion-column-wrapper {margin-right : 1.92%;margin-left : 1.92%;}}<\/style><\/div><\/div><style type=\"text\/css\">.fusion-body .fusion-flex-container.fusion-builder-row-4{ padding-top : 0px;margin-top : 50px;padding-right : 0px;padding-bottom : 0px;margin-bottom : 0px;padding-left : 0px;}<\/style><\/div><div class=\"fusion-fullwidth fullwidth-box fusion-builder-row-5 fusion-flex-container nonhundred-percent-fullwidth non-hundred-percent-height-scrolling\" style=\"background-color: rgba(255,255,255,0);background-position: center center;background-repeat: no-repeat;border-width: 0px 0px 0px 0px;border-color:#e2e2e2;border-style:solid;\" ><div class=\"fusion-builder-row fusion-row fusion-flex-align-items-flex-start\" style=\"max-width:1248px;margin-left: calc(-4% \/ 2 );margin-right: calc(-4% \/ 2 );\"><div class=\"fusion-layout-column fusion_builder_column fusion-builder-column-6 fusion_builder_column_1_1 1_1 fusion-flex-column\"><div class=\"fusion-column-wrapper fusion-flex-justify-content-flex-start fusion-content-layout-column\" style=\"background-position:left top;background-repeat:no-repeat;-webkit-background-size:cover;-moz-background-size:cover;-o-background-size:cover;background-size:cover;padding: 0px 0px 0px 0px;\"><div class=\"fusion-text fusion-text-5\"><p>Au plaisir de vous recevoir chez moi prochainement,<br \/>\nRACHAEL<\/p>\n<\/div><\/div><style type=\"text\/css\">.fusion-body .fusion-builder-column-6{width:100% !important;margin-top : 0px;margin-bottom : 20px;}.fusion-builder-column-6 > .fusion-column-wrapper {padding-top : 0px !important;padding-right : 0px !important;margin-right : 1.92%;padding-bottom : 0px !important;padding-left : 0px !important;margin-left : 1.92%;}@media only screen and (max-width:1024px) {.fusion-body .fusion-builder-column-6{width:100% !important;order : 0;}.fusion-builder-column-6 > .fusion-column-wrapper {margin-right : 1.92%;margin-left : 1.92%;}}@media only screen and (max-width:640px) {.fusion-body .fusion-builder-column-6{width:100% !important;order : 0;}.fusion-builder-column-6 > .fusion-column-wrapper {margin-right : 1.92%;margin-left : 1.92%;}}<\/style><\/div><\/div><style type=\"text\/css\">.fusion-body .fusion-flex-container.fusion-builder-row-5{ padding-top : 0px;margin-top : 0px;padding-right : 0px;padding-bottom : 0px;margin-bottom : 0px;padding-left : 0px;}<\/style><\/div><div class=\"fusion-fullwidth fullwidth-box fusion-builder-row-6 fusion-flex-container nonhundred-percent-fullwidth non-hundred-percent-height-scrolling\" style=\"background-color: rgba(255,255,255,0);background-position: center center;background-repeat: no-repeat;border-width: 0px 0px 0px 0px;border-color:#e2e2e2;border-style:solid;\" ><div class=\"fusion-builder-row fusion-row fusion-flex-align-items-flex-start\" style=\"max-width:1248px;margin-left: calc(-4% \/ 2 );margin-right: calc(-4% \/ 2 );\"><div class=\"fusion-layout-column fusion_builder_column fusion-builder-column-7 fusion_builder_column_1_1 1_1 fusion-flex-column\"><div class=\"fusion-column-wrapper fusion-flex-justify-content-flex-start fusion-content-layout-column\" style=\"background-position:left top;background-repeat:no-repeat;-webkit-background-size:cover;-moz-background-size:cover;-o-background-size:cover;background-size:cover;padding: 0px 0px 0px 0px;\"><div class=\"fusion-text fusion-text-6\" style=\"font-size:14px;\"><p><em>*Ecole des Vins de Bourgogne Beaune, \u00ab\u00a0Certificat de D\u00e9gustateur\u00a0\u00bb.<\/em><br \/>\n<em>WSET (Wine &amp; Spirit Educational Trust-) Niveau 2 &amp; 3 au Ch\u00e2teau de Pommard.<\/em><br \/>\n<em>Universit\u00e9 du Vin \u00e0 Suze-La-Rousse \u00ab\u00a0Techniques de D\u00e9gustation\u00a0\u00bb.<\/em><\/p>\n<\/div><\/div><style type=\"text\/css\">.fusion-body .fusion-builder-column-7{width:100% !important;margin-top : 0px;margin-bottom : 20px;}.fusion-builder-column-7 > .fusion-column-wrapper {padding-top : 0px !important;padding-right : 0px !important;margin-right : 1.92%;padding-bottom : 0px !important;padding-left : 0px !important;margin-left : 1.92%;}@media only screen and (max-width:1024px) {.fusion-body .fusion-builder-column-7{width:100% !important;order : 0;}.fusion-builder-column-7 > .fusion-column-wrapper {margin-right : 1.92%;margin-left : 1.92%;}}@media only screen and (max-width:640px) {.fusion-body .fusion-builder-column-7{width:100% !important;order : 0;}.fusion-builder-column-7 > .fusion-column-wrapper {margin-right : 1.92%;margin-left : 1.92%;}}<\/style><\/div><\/div><style type=\"text\/css\">.fusion-body .fusion-flex-container.fusion-builder-row-6{ padding-top : 0px;margin-top : 0px;padding-right : 0px;padding-bottom : 0px;margin-bottom : 0px;padding-left : 0px;}<\/style><\/div><\/p>\n","protected":false},"excerpt":{"rendered":"","protected":false},"author":1,"featured_media":0,"parent":0,"menu_order":0,"comment_status":"closed","ping_status":"closed","template":"100-width.php","meta":{"footnotes":""},"class_list":["post-126","page","type-page","status-publish","hentry"],"_links":{"self":[{"href":"https:\/\/www.aujardinclos.com\/fr\/wp-json\/wp\/v2\/pages\/126","targetHints":{"allow":["GET"]}}],"collection":[{"href":"https:\/\/www.aujardinclos.com\/fr\/wp-json\/wp\/v2\/pages"}],"about":[{"href":"https:\/\/www.aujardinclos.com\/fr\/wp-json\/wp\/v2\/types\/page"}],"author":[{"embeddable":true,"href":"https:\/\/www.aujardinclos.com\/fr\/wp-json\/wp\/v2\/users\/1"}],"replies":[{"embeddable":true,"href":"https:\/\/www.aujardinclos.com\/fr\/wp-json\/wp\/v2\/comments?post=126"}],"version-history":[{"count":50,"href":"https:\/\/www.aujardinclos.com\/fr\/wp-json\/wp\/v2\/pages\/126\/revisions"}],"predecessor-version":[{"id":529,"href":"https:\/\/www.aujardinclos.com\/fr\/wp-json\/wp\/v2\/pages\/126\/revisions\/529"}],"wp:attachment":[{"href":"https:\/\/www.aujardinclos.com\/fr\/wp-json\/wp\/v2\/media?parent=126"}],"curies":[{"name":"wp","href":"https:\/\/api.w.org\/{rel}","templated":true}]}}